{"id":600,"date":"2020-10-12T02:55:00","date_gmt":"2020-10-12T02:55:00","guid":{"rendered":"https:\/\/citizentest.ca\/about-us\/"},"modified":"2025-10-11T12:49:29","modified_gmt":"2025-10-11T16:49:29","slug":"about-us","status":"publish","type":"page","link":"https:\/\/www.citizentest.ca\/fr\/about-us\/","title":{"rendered":"\u00c0 propos"},"content":{"rendered":"<div class=\"wp-block-cover\" style=\"padding-top:0px;padding-right:0px;padding-bottom:0px;padding-left:0px\"><span aria-hidden=\"true\" class=\"wp-block-cover__background has-ast-global-color-5-background-color has-background-dim-100 has-background-dim\"><\/span><div class=\"wp-block-cover__inner-container is-layout-flow wp-block-cover-is-layout-flow\">\n<div class=\"inherit-container-width wp-block-group alignfull has-ast-global-color-7-color has-text-color has-background is-layout-constrained wp-block-group-is-layout-constrained\" style=\"background-color:#f5f5f5\"><div class=\"wp-block-group__inner-container\">\n<h1 class=\"wp-block-heading has-large-font-size\">\u00c0 propos<\/h1>\n\n\n\n<p>Se pr\u00e9parer \u00e0 l&#039;examen de citoyennet\u00e9 canadienne peut sembler insurmontable sans les bons conseils. Chez CitizenTest, nous nous engageons \u00e0 simplifier ce parcours en fournissant les outils, les ressources et le soutien dont vous avez besoin pour r\u00e9ussir. Notre mission est de rendre la pr\u00e9paration \u00e0 l&#039;examen de citoyennet\u00e9 accessible, efficace et sans stress pour tous.<\/p>\n\n\n\n<p>Notre programme complet couvre toutes les connaissances essentielles requises pour r\u00e9ussir le test, y compris l&#039;histoire du Canada, le gouvernement, les lois et d&#039;autres sujets d\u00e9crits dans <em>D\u00e9couvrir le Canada<\/em>De plus, nous proposons des tests pratiques, notamment des questionnaires sur des sujets sp\u00e9cifiques, pour vous aider \u00e0 gagner en confiance et \u00e0 \u00eatre pleinement pr\u00e9par\u00e9 pour l&#039;examen r\u00e9el.<\/p>\n\n\n\n<p>Le test de citoyennet\u00e9 est une \u00e9tape essentielle du processus de naturalisation, car il permet aux nouveaux citoyens d&#039;acqu\u00e9rir une compr\u00e9hension fondamentale des valeurs et de l&#039;identit\u00e9 du Canada. En tant que ressource de confiance, nous sommes fiers d&#039;aider les individus \u00e0 atteindre leurs objectifs et sommes impatients de vous guider sur votre chemin vers la citoyennet\u00e9 gr\u00e2ce \u00e0 notre cours de pr\u00e9paration et \u00e0 nos outils con\u00e7us par des experts.<\/p>\n<\/div><\/div>\n<\/div><\/div>\n\n\n\n<div class=\"wp-block-cover alignfull\" style=\"padding-top:0px;padding-right:0px;padding-bottom:0px;padding-left:0px\"><span aria-hidden=\"true\" class=\"wp-block-cover__background has-ast-global-color-5-background-color has-background-dim-100 has-background-dim\"><\/span><div class=\"wp-block-cover__inner-container is-layout-constrained wp-container-core-cover-is-layout-201a1795 wp-block-cover-is-layout-constrained\">\n<div class=\"inherit-container-width wp-block-group alignfull has-ast-global-color-7-color has-ast-global-color-5-background-color has-text-color has-background is-layout-constrained wp-block-group-is-layout-constrained\"><div class=\"wp-block-group__inner-container\">\n<div class=\"wp-block-media-text has-media-on-the-right is-stacked-on-mobile is-vertically-aligned-top radius-20 ojp-custom-padding padding-left-0\"><div class=\"wp-block-media-text__content\">\n<h2 class=\"wp-block-heading has-large-font-size\">Notre histoire<\/h2>\n\n\n\n<p>CitizenTest a \u00e9t\u00e9 fond\u00e9e avec la vision commune d&#039;avoir un impact significatif sur la vie des immigrants qui aspirent \u00e0 devenir citoyens canadiens. Notre fondateur, Orlando Perry, a imagin\u00e9 une plateforme qui offre des ressources et un soutien de premier ordre pour aider les individus \u00e0 traverser le parcours du test de citoyennet\u00e9 avec facilit\u00e9 et confiance.<\/p>\n\n\n\n<p>Notre \u00e9quipe rassemble une riche expertise en \u00e9ducation, en immigration et en culture canadienne, unies par un objectif commun : permettre aux individus de r\u00e9aliser leur r\u00eave de faire partie de la soci\u00e9t\u00e9 diversifi\u00e9e et dynamique du Canada.<\/p>\n\n\n\n<p>Depuis le d\u00e9but, nous sommes anim\u00e9s par une passion pour l\u2019excellence et par la conviction du pouvoir transformateur de l\u2019\u00e9ducation. Enracin\u00e9s dans nos valeurs fondamentales d\u2019int\u00e9grit\u00e9, d\u2019empathie et d\u2019inclusion, nous nous effor\u00e7ons de cr\u00e9er un environnement d\u2019apprentissage favorable o\u00f9 chaque individu se sent valoris\u00e9 et inspir\u00e9 pour r\u00e9ussir.<\/p>\n\n\n\n<p>Chez CitizenTest, notre mission va au-del\u00e0 de l\u2019aide aux personnes qui souhaitent r\u00e9ussir un test. Nous souhaitons favoriser un sentiment d\u2019appartenance, de dignit\u00e9 et d\u2019autonomie au sein de la communaut\u00e9 immigrante. Ensemble, nous travaillons \u00e0 b\u00e2tir un avenir meilleur pour tous ceux qui r\u00eavent de s\u2019installer au Canada.<\/p>\n<\/div><figure class=\"wp-block-media-text__media\"><img loading=\"lazy\" decoding=\"async\" width=\"1000\" height=\"640\" src=\"https:\/\/www.citizentest.ca\/wp-content\/uploads\/2022\/12\/about-us-citizentest-1-e1672922442196.jpg\" alt=\"\" class=\"wp-image-13360 size-full\" srcset=\"https:\/\/www.citizentest.ca\/wp-content\/uploads\/2022\/12\/about-us-citizentest-1-e1672922442196.jpg 1000w, https:\/\/www.citizentest.ca\/wp-content\/uploads\/2022\/12\/about-us-citizentest-1-e1672922442196-300x192.jpg 300w, https:\/\/www.citizentest.ca\/wp-content\/uploads\/2022\/12\/about-us-citizentest-1-e1672922442196-768x492.jpg 768w, https:\/\/www.citizentest.ca\/wp-content\/uploads\/2022\/12\/about-us-citizentest-1-e1672922442196-18x12.jpg 18w, https:\/\/www.citizentest.ca\/wp-content\/uploads\/2022\/12\/about-us-citizentest-1-e1672922442196-600x384.jpg 600w\" sizes=\"auto, (max-width: 1000px) 100vw, 1000px\" \/><\/figure><\/div>\n<\/div><\/div>\n<\/div><\/div>\n\n\n\n<div class=\"inherit-container-width wp-block-group alignfull has-background is-layout-constrained wp-block-group-is-layout-constrained\" style=\"background-color:#f5f5f5\"><div class=\"wp-block-group__inner-container\">\n<div class=\"wp-block-media-text is-stacked-on-mobile is-vertically-aligned-top\" style=\"grid-template-columns:47% auto\"><figure class=\"wp-block-media-text__media\"><img loading=\"lazy\" decoding=\"async\" width=\"1000\" height=\"620\" src=\"https:\/\/www.citizentest.ca\/wp-content\/uploads\/2023\/12\/citizentest-laptop-phone-small-r3.png\" alt=\"\" class=\"wp-image-39522 size-full\" srcset=\"https:\/\/www.citizentest.ca\/wp-content\/uploads\/2023\/12\/citizentest-laptop-phone-small-r3.png 1000w, https:\/\/www.citizentest.ca\/wp-content\/uploads\/2023\/12\/citizentest-laptop-phone-small-r3-300x186.png 300w, https:\/\/www.citizentest.ca\/wp-content\/uploads\/2023\/12\/citizentest-laptop-phone-small-r3-768x476.png 768w, https:\/\/www.citizentest.ca\/wp-content\/uploads\/2023\/12\/citizentest-laptop-phone-small-r3-18x12.png 18w, https:\/\/www.citizentest.ca\/wp-content\/uploads\/2023\/12\/citizentest-laptop-phone-small-r3-600x372.png 600w\" sizes=\"auto, (max-width: 1000px) 100vw, 1000px\" \/><\/figure><div class=\"wp-block-media-text__content\">\n<h3 class=\"wp-block-heading\" style=\"line-height:1.5\">Commencez par des questions pratiques pour \u00eatre pleinement pr\u00e9par\u00e9.<\/h3>\n\n\n\n<p>Pr\u00e9parez-vous d\u00e8s aujourd&#039;hui avec plus de 600 questions d&#039;examen, des flashcards et notre simulateur d&#039;examen exclusif. Plus de personnes \u00e9chouent \u00e0 l&#039;examen qu&#039;on ne le pense.<\/p>\n\n\n\n<div class=\"wp-block-buttons margin-bottom-20 is-layout-flex wp-block-buttons-is-layout-flex\" style=\"line-height:1.5\">\n<div class=\"wp-block-button\"><a class=\"wp-block-button__link has-medium-font-size has-custom-font-size wp-element-button\" href=\"\/fr\/practice-tests\/\" style=\"border-radius:50px;padding-top:var(--wp--preset--spacing--40);padding-right:var(--wp--preset--spacing--60);padding-bottom:var(--wp--preset--spacing--40);padding-left:var(--wp--preset--spacing--60);line-height:1.5\">Commencez \u00e0 pr<span style=\"white-space: nowrap;\">tests actifs<\/span><\/a><\/div>\n<\/div>\n\n\n\n<p class=\"ct_margin-top-20 ct_nh_unlock has-link-color wp-elements-0ccb32ea274717d556e7531663dd6205\">ou <a href=\"\/fr\/program\/\" data-type=\"page\">d\u00e9verrouiller toutes les questions<\/a><\/p>\n<\/div><\/div>\n<\/div><\/div>","protected":false},"excerpt":{"rendered":"<p>Commencez par des exercices pratiques pour \u00eatre parfaitement pr\u00e9par\u00e9. Pr\u00e9parez-vous avec plus de 600 questions d&#039;examen, des flashcards et notre simulateur d&#039;examen exclusif\u2026<\/p>\n<p class=\"read-more\"> <a class=\"\" href=\"https:\/\/www.citizentest.ca\/fr\/about-us\/\"> <span class=\"screen-reader-text\">\u00c0 propos<\/span> En savoir plus &quot;<\/a><\/p>","protected":false},"author":1,"featured_media":0,"parent":0,"menu_order":0,"comment_status":"closed","ping_status":"closed","template":"","meta":{"site-sidebar-layout":"no-sidebar","site-content-layout":"plain-container","ast-site-content-layout":"normal-width-container","site-content-style":"unboxed","site-sidebar-style":"unboxed","ast-global-header-display":"","ast-banner-title-visibility":"","ast-main-header-display":"","ast-hfb-above-header-display":"","ast-hfb-below-header-display":"","ast-hfb-mobile-header-display":"","site-post-title":"disabled","ast-breadcrumbs-content":"","ast-featured-img":"disabled","footer-sml-layout":"","theme-transparent-header-meta":"disabled","adv-header-id-meta":"","stick-header-meta":"disabled","header-above-stick-meta":"","header-main-stick-meta":"","header-below-stick-meta":"","astra-migrate-meta-layouts":"set","ast-page-background-enabled":"default","ast-page-background-meta":{"desktop":{"background-color":"","background-image":"","background-repeat":"repeat","background-position":"center center","background-size":"auto","background-attachment":"scroll","background-type":"","background-media":"","overlay-type":"","overlay-color":"","overlay-gradient":""},"tablet":{"background-color":"","background-image":"","background-repeat":"repeat","background-position":"center center","background-size":"auto","background-attachment":"scroll","background-type":"","background-media":"","overlay-type":"","overlay-color":"","overlay-gradient":""},"mobile":{"background-color":"","background-image":"","background-repeat":"repeat","background-position":"center center","background-size":"auto","background-attachment":"scroll","background-type":"","background-media":"","overlay-type":"","overlay-color":"","overlay-gradient":""}},"ast-content-background-meta":{"desktop":{"background-color":"var(--ast-global-color-5)","background-image":"","background-repeat":"repeat","background-position":"center center","background-size":"auto","background-attachment":"scroll","background-type":"","background-media":"","overlay-type":"","overlay-color":"","overlay-gradient":""},"tablet":{"background-color":"var(--ast-global-color-5)","background-image":"","background-repeat":"repeat","background-position":"center center","background-size":"auto","background-attachment":"scroll","background-type":"","background-media":"","overlay-type":"","overlay-color":"","overlay-gradient":""},"mobile":{"background-color":"var(--ast-global-color-5)","background-image":"","background-repeat":"repeat","background-position":"center center","background-size":"auto","background-attachment":"scroll","background-type":"","background-media":"","overlay-type":"","overlay-color":"","overlay-gradient":""}},"footnotes":""},"categories":[65],"class_list":["post-600","page","type-page","status-publish","hentry","category-main-page"],"_links":{"self":[{"href":"https:\/\/www.citizentest.ca\/fr\/wp-json\/wp\/v2\/pages\/600","targetHints":{"allow":["GET"]}}],"collection":[{"href":"https:\/\/www.citizentest.ca\/fr\/wp-json\/wp\/v2\/pages"}],"about":[{"href":"https:\/\/www.citizentest.ca\/fr\/wp-json\/wp\/v2\/types\/page"}],"author":[{"embeddable":true,"href":"https:\/\/www.citizentest.ca\/fr\/wp-json\/wp\/v2\/users\/1"}],"replies":[{"embeddable":true,"href":"https:\/\/www.citizentest.ca\/fr\/wp-json\/wp\/v2\/comments?post=600"}],"version-history":[{"count":0,"href":"https:\/\/www.citizentest.ca\/fr\/wp-json\/wp\/v2\/pages\/600\/revisions"}],"wp:attachment":[{"href":"https:\/\/www.citizentest.ca\/fr\/wp-json\/wp\/v2\/media?parent=600"}],"wp:term":[{"taxonomy":"category","embeddable":true,"href":"https:\/\/www.citizentest.ca\/fr\/wp-json\/wp\/v2\/categories?post=600"}],"curies":[{"name":"wp","href":"https:\/\/api.w.org\/{rel}","templated":true}]}}