{"id":5041,"date":"2022-09-21T21:00:04","date_gmt":"2022-09-21T21:00:04","guid":{"rendered":"https:\/\/www.citizentest.ca\/?page_id=5041"},"modified":"2025-10-27T13:39:25","modified_gmt":"2025-10-27T17:39:25","slug":"reviews","status":"publish","type":"page","link":"https:\/\/www.citizentest.ca\/fr\/reviews\/","title":{"rendered":"Avis des clients"},"content":{"rendered":"<hr class=\"wp-block-separator has-text-color has-ast-global-color-4-color has-alpha-channel-opacity has-ast-global-color-4-background-color has-background is-style-wide\"\/>\n\n\n\n<div class=\"wp-block-columns is-layout-flex wp-container-core-columns-is-layout-28f84493 wp-block-columns-is-layout-flex\">\n<div class=\"wp-block-column is-layout-flow wp-block-column-is-layout-flow\">\n<div class=\"wp-block-columns alignfull is-not-stacked-on-mobile is-layout-flex wp-container-core-columns-is-layout-28f84493 wp-block-columns-is-layout-flex\">\n<div class=\"wp-block-column ct_review_left_title is-layout-flow wp-block-column-is-layout-flow\">\n<h1 class=\"wp-block-heading has-text-color has-x-large-font-size\" style=\"color:#515151;margin-top:0;margin-right:0;margin-bottom:0\">Avis<\/h1>\n<\/div>\n\n\n\n<div class=\"wp-block-column is-vertically-aligned-center is-content-justification-right is-layout-constrained wp-container-core-column-is-layout-f1f2ed93 wp-block-column-is-layout-constrained\">\n<div class=\"wp-block-buttons ct_logged_in_only is-content-justification-right is-nowrap is-layout-flex wp-container-core-buttons-is-layout-b64be4c7 wp-block-buttons-is-layout-flex\">\n<div class=\"wp-block-button ct_right_title_btn\"><a class=\"wp-block-button__link has-small-font-size has-custom-font-size wp-element-button\" href=\"#write_review\" style=\"border-radius:50px;padding-top:var(--wp--preset--spacing--30);padding-right:var(--wp--preset--spacing--40);padding-bottom:var(--wp--preset--spacing--30);padding-left:var(--wp--preset--spacing--40);line-height:1.2\">Ecrire une critique<\/a><\/div>\n<\/div>\n<\/div>\n<\/div>\n\n\n\n<div class=\"wp-block-columns is-layout-flex wp-container-core-columns-is-layout-28f84493 wp-block-columns-is-layout-flex\">\n<div class=\"wp-block-column radius-16 ct_core_summary has-ast-global-color-5-background-color has-background is-layout-flow wp-block-column-is-layout-flow\" style=\"padding-top:var(--wp--preset--spacing--50);padding-right:var(--wp--preset--spacing--50);padding-bottom:var(--wp--preset--spacing--50);padding-left:var(--wp--preset--spacing--50)\"><\/div>\n\n\n\n<div class=\"wp-block-column ct_cd_no_mobile is-layout-flow wp-block-column-is-layout-flow\">\n<div class=\"inherit-container-width wp-block-group ct_review_block has-ast-global-color-5-background-color has-background is-layout-constrained wp-block-group-is-layout-constrained\" style=\"border-style:none;border-width:0px;border-radius:20px\"><div class=\"wp-block-group__inner-container\">\n<h4 class=\"wp-block-heading\" style=\"margin-bottom:var(--wp--preset--spacing--30)\">Mis en exergue<\/h4>\n\n\n\n<p class=\"has-text-align-left\" style=\"font-size:15px;line-height:1.5\">Honn\u00eatement, c\u2019est un incontournable si vous voulez vous pr\u00e9parer sans stress. C&#039;\u00e9tait difficile de se souvenir de certaines choses du livre et j&#039;avais un ami qui avait \u00e9chou\u00e9 \u00e0 son examen. Je me suis pr\u00e9par\u00e9 avec CitizenTest.CA sur le chemin du travail et ma confiance est mont\u00e9e en fl\u00e8che.<\/p>\n\n\n\n<div class=\"glsr-star-rating glsr-stars\" style=\"text-align: left; justify-content: left; margin-bottom: 15px;\">\n    <span class=\"screen-reader-text\">Not\u00e9 <strong>5<\/strong> sur 5<\/span>\n    <span class=\"glsr-star glsr-star-full\" aria-hidden=\"true\"><\/span><span class=\"glsr-star glsr-star-full\" aria-hidden=\"true\"><\/span><span class=\"glsr-star glsr-star-full\" aria-hidden=\"true\"><\/span><span class=\"glsr-star glsr-star-full\" aria-hidden=\"true\"><\/span><span class=\"glsr-star glsr-star-full\" aria-hidden=\"true\"><\/span>\n<\/div>\n\n\n\n<figure class=\"wp-block-image size-full is-resized has-custom-border ct_review_avatar\"><img loading=\"lazy\" decoding=\"async\" width=\"50\" height=\"50\" src=\"https:\/\/www.citizentest.ca\/wp-content\/uploads\/2023\/12\/munish.jpg\" alt=\"\" class=\"wp-image-40272\" style=\"border-radius:50px;width:45px;height:45px\" srcset=\"https:\/\/www.citizentest.ca\/wp-content\/uploads\/2023\/12\/munish.jpg 50w, https:\/\/www.citizentest.ca\/wp-content\/uploads\/2023\/12\/munish-12x12.jpg 12w\" sizes=\"auto, (max-width: 50px) 100vw, 50px\" \/><\/figure>\n\n\n\n<p class=\"ct_reviewer\" style=\"line-height:1.4\"><strong>Munish P.<\/strong><\/p>\n\n\n\n<p style=\"line-height:1.3\">Ontario, Canada<\/p>\n<\/div><\/div>\n<\/div>\n<\/div>\n\n\n\n<div class=\"wp-block-columns is-layout-flex wp-container-core-columns-is-layout-28f84493 wp-block-columns-is-layout-flex\">\n<div class=\"wp-block-column radius-16 ct_core_summary ct_con_shadow has-ast-global-color-5-background-color has-background is-layout-flow wp-block-column-is-layout-flow\" style=\"padding-top:var(--wp--preset--spacing--50);padding-right:var(--wp--preset--spacing--50);padding-bottom:var(--wp--preset--spacing--50);padding-left:var(--wp--preset--spacing--50)\">\n<h4 class=\"wp-block-heading\" style=\"margin-bottom:var(--wp--preset--spacing--30)\">Images r\u00e9centes<\/h4>\n\n\n<\/div>\n<\/div>\n\n\n\n<div class=\"wp-block-columns is-layout-flex wp-container-core-columns-is-layout-28f84493 wp-block-columns-is-layout-flex\">\n<div class=\"wp-block-column ct_core_reviews is-layout-flow wp-block-column-is-layout-flow\"><\/div>\n<\/div>\n<\/div>\n<\/div>\n\n\n\n<div class=\"inherit-container-width wp-block-group alignfull ct_logged_out_only has-ast-global-color-5-background-color has-background is-layout-constrained wp-block-group-is-layout-constrained\"><div class=\"wp-block-group__inner-container\">\n<div class=\"wp-block-media-text is-stacked-on-mobile is-vertically-aligned-top radius-20\" style=\"grid-template-columns:47% auto\"><figure class=\"wp-block-media-text__media\"><img loading=\"lazy\" decoding=\"async\" width=\"1000\" height=\"620\" src=\"https:\/\/www.citizentest.ca\/wp-content\/uploads\/2023\/12\/citizentest-laptop-phone-small-r3.png\" alt=\"\" class=\"wp-image-39522 size-full\" srcset=\"https:\/\/www.citizentest.ca\/wp-content\/uploads\/2023\/12\/citizentest-laptop-phone-small-r3.png 1000w, https:\/\/www.citizentest.ca\/wp-content\/uploads\/2023\/12\/citizentest-laptop-phone-small-r3-300x186.png 300w, https:\/\/www.citizentest.ca\/wp-content\/uploads\/2023\/12\/citizentest-laptop-phone-small-r3-768x476.png 768w, https:\/\/www.citizentest.ca\/wp-content\/uploads\/2023\/12\/citizentest-laptop-phone-small-r3-18x12.png 18w, https:\/\/www.citizentest.ca\/wp-content\/uploads\/2023\/12\/citizentest-laptop-phone-small-r3-600x372.png 600w\" sizes=\"auto, (max-width: 1000px) 100vw, 1000px\" \/><\/figure><div class=\"wp-block-media-text__content\">\n<h3 class=\"wp-block-heading\" style=\"line-height:1.3\">Commencez par des questions pratiques pour \u00eatre pleinement pr\u00e9par\u00e9.<\/h3>\n\n\n\n<p>Pr\u00e9parez-vous d\u00e8s aujourd&#039;hui avec plus de 600 questions d&#039;examen, des flashcards et notre simulateur d&#039;examen exclusif. Plus de personnes \u00e9chouent \u00e0 l&#039;examen qu&#039;on ne le pense.<\/p>\n\n\n\n<div class=\"wp-block-buttons margin-bottom-20 ct_gap_20 ct_nh_start is-content-justification-left is-layout-flex wp-container-core-buttons-is-layout-fc4fd283 wp-block-buttons-is-layout-flex\">\n<div class=\"wp-block-button\"><a class=\"wp-block-button__link has-medium-font-size has-custom-font-size wp-element-button\" href=\"\/fr\/practice-tests\/\" style=\"border-radius:50px;padding-top:var(--wp--preset--spacing--40);padding-right:var(--wp--preset--spacing--60);padding-bottom:var(--wp--preset--spacing--40);padding-left:var(--wp--preset--spacing--60);line-height:1.5\">D\u00e9marrer gratuitement<span style=\"white-space: nowrap;\">tests pratiques<\/span><\/a><\/div>\n<\/div>\n\n\n\n<p class=\"has-text-align-left ct_margin-top-20 ct_nh_unlock ct_prem_cta has-ast-global-color-2-color has-text-color has-link-color wp-elements-cd58a12e4d0b5f53d747e13bdb33740f\">ou <a href=\"\/fr\/program\/\" class=\"ct_main_cta\" data-type=\"page\">d\u00e9verrouiller toutes les questions<\/a><\/p>\n<\/div><\/div>\n<\/div><\/div>\n\n\n\n<div class=\"wp-block-columns radius-16 ct_logged_in_only has-ast-global-color-5-background-color has-background is-layout-flex wp-container-core-columns-is-layout-a0deb3cf wp-block-columns-is-layout-flex\" id=\"write_review\" style=\"margin-bottom:var(--wp--preset--spacing--50);padding-top:var(--wp--preset--spacing--60);padding-bottom:var(--wp--preset--spacing--60)\">\n<div class=\"wp-block-column is-layout-flow wp-block-column-is-layout-flow\">\n<h2 class=\"wp-block-heading has-text-align-center ct_new_hm_con_pad ct_small_h2_mob has-text-color has-large-font-size\" style=\"color:#515151;margin-bottom:var(--wp--preset--spacing--60)\">Ecrire une critique<\/h2>\n\n\n<\/div>\n<\/div>\n\n\n\n<div id=\"ct_mobile_buy_now\" class=\"ct_mobile_buy_now\" style=\"bottom: 0px !important; top: inherit !important;\"><div style=\"    width: 50%;\" class=\"ct_mob_left\"><a class=\"ast-custom-button\" style=\"display: block;padding: 8px 15px;font-size: 14px;line-height: 21px;text-align: center;margin-right: 15px;background-color: #009688;\" href=\"\/fr\/practice-tests\/\">Essayez des tests gratuits<\/a><\/div><div style=\"    width: 50%;\" class=\"ct_mob_right\"><a class=\"ast-custom-button ct_main_cta\" style=\"display: block;padding: 8px 15px;font-size: 14px;line-height: 21px;text-align: center;\" href=\"\/fr\/program\/\">Obtenez une prime<\/a><\/div><\/div>\n\n\n\n<script>\n(function () {\n  var myID = document.getElementById(\"ct_mobile_buy_now\");\n  var scrollHandlerAdded = false;\n\n  function ct_BannerScrollFunc() {\n    var y = window.scrollY;\n    if (y >= 1000) {\n      myID.className = \"ct_mobile_buy_now buy_show\";\n      document.body.classList.add(\"ct_mobile_buy_banner\");\n    } else {\n      myID.className = \"ct_mobile_buy_now buy_hide\";\n      document.body.classList.remove(\"ct_mobile_buy_banner\");\n    }\n  }\n\n  function updateScrollListener() {\n    if (window.innerWidth <= 768) {\n      if (!scrollHandlerAdded) {\n        window.addEventListener(\"scroll\", ct_BannerScrollFunc);\n        scrollHandlerAdded = true;\n        ct_BannerScrollFunc(); \/\/ run once to set initial state\n      }\n    } else {\n      if (scrollHandlerAdded) {\n        window.removeEventListener(\"scroll\", ct_BannerScrollFunc);\n        scrollHandlerAdded = false;\n        myID.className = \"ct_mobile_buy_now buy_hide\";\n        document.body.classList.remove(\"ct_mobile_buy_banner\");\n      }\n    }\n  }\n\n  \/\/ Initial check\n  updateScrollListener();\n\n  \/\/ Update on window resize\n  window.addEventListener(\"resize\", updateScrollListener);\n})();\n<\/script>","protected":false},"excerpt":{"rendered":"<p>Honn\u00eatement, c\u2019est un incontournable si vous voulez vous pr\u00e9parer sans stress. Il \u00e9tait difficile de se souvenir des choses de\u2026<\/p>\n<p class=\"read-more\"> <a class=\"\" href=\"https:\/\/www.citizentest.ca\/fr\/reviews\/\"> <span class=\"screen-reader-text\">Avis des clients<\/span> En savoir plus &quot;<\/a><\/p>","protected":false},"author":1,"featured_media":0,"parent":0,"menu_order":0,"comment_status":"closed","ping_status":"closed","template":"","meta":{"site-sidebar-layout":"no-sidebar","site-content-layout":"plain-container","ast-site-content-layout":"normal-width-container","site-content-style":"unboxed","site-sidebar-style":"unboxed","ast-global-header-display":"","ast-banner-title-visibility":"","ast-main-header-display":"","ast-hfb-above-header-display":"","ast-hfb-below-header-display":"","ast-hfb-mobile-header-display":"","site-post-title":"disabled","ast-breadcrumbs-content":"","ast-featured-img":"","footer-sml-layout":"","theme-transparent-header-meta":"","adv-header-id-meta":"","stick-header-meta":"disabled","header-above-stick-meta":"","header-main-stick-meta":"","header-below-stick-meta":"","astra-migrate-meta-layouts":"set","ast-page-background-enabled":"default","ast-page-background-meta":{"desktop":{"background-color":"","background-image":"","background-repeat":"repeat","background-position":"center center","background-size":"auto","background-attachment":"scroll","background-type":"","background-media":"","overlay-type":"","overlay-color":"","overlay-gradient":""},"tablet":{"background-color":"","background-image":"","background-repeat":"repeat","background-position":"center center","background-size":"auto","background-attachment":"scroll","background-type":"","background-media":"","overlay-type":"","overlay-color":"","overlay-gradient":""},"mobile":{"background-color":"","background-image":"","background-repeat":"repeat","background-position":"center center","background-size":"auto","background-attachment":"scroll","background-type":"","background-media":"","overlay-type":"","overlay-color":"","overlay-gradient":""}},"ast-content-background-meta":{"desktop":{"background-color":"var(--ast-global-color-5)","background-image":"","background-repeat":"repeat","background-position":"center center","background-size":"auto","background-attachment":"scroll","background-type":"","background-media":"","overlay-type":"","overlay-color":"","overlay-gradient":""},"tablet":{"background-color":"var(--ast-global-color-5)","background-image":"","background-repeat":"repeat","background-position":"center center","background-size":"auto","background-attachment":"scroll","background-type":"","background-media":"","overlay-type":"","overlay-color":"","overlay-gradient":""},"mobile":{"background-color":"var(--ast-global-color-5)","background-image":"","background-repeat":"repeat","background-position":"center center","background-size":"auto","background-attachment":"scroll","background-type":"","background-media":"","overlay-type":"","overlay-color":"","overlay-gradient":""}},"footnotes":""},"categories":[65],"class_list":["post-5041","page","type-page","status-publish","hentry","category-main-page"],"_links":{"self":[{"href":"https:\/\/www.citizentest.ca\/fr\/wp-json\/wp\/v2\/pages\/5041","targetHints":{"allow":["GET"]}}],"collection":[{"href":"https:\/\/www.citizentest.ca\/fr\/wp-json\/wp\/v2\/pages"}],"about":[{"href":"https:\/\/www.citizentest.ca\/fr\/wp-json\/wp\/v2\/types\/page"}],"author":[{"embeddable":true,"href":"https:\/\/www.citizentest.ca\/fr\/wp-json\/wp\/v2\/users\/1"}],"replies":[{"embeddable":true,"href":"https:\/\/www.citizentest.ca\/fr\/wp-json\/wp\/v2\/comments?post=5041"}],"version-history":[{"count":0,"href":"https:\/\/www.citizentest.ca\/fr\/wp-json\/wp\/v2\/pages\/5041\/revisions"}],"wp:attachment":[{"href":"https:\/\/www.citizentest.ca\/fr\/wp-json\/wp\/v2\/media?parent=5041"}],"wp:term":[{"taxonomy":"category","embeddable":true,"href":"https:\/\/www.citizentest.ca\/fr\/wp-json\/wp\/v2\/categories?post=5041"}],"curies":[{"name":"wp","href":"https:\/\/api.w.org\/{rel}","templated":true}]}}