{"id":45103,"date":"2024-02-25T11:01:40","date_gmt":"2024-02-25T16:01:40","guid":{"rendered":"https:\/\/www.citizentest.ca\/?page_id=45103"},"modified":"2025-01-26T14:21:14","modified_gmt":"2025-01-26T19:21:14","slug":"contact-us","status":"publish","type":"page","link":"https:\/\/www.citizentest.ca\/fr\/contact-us\/","title":{"rendered":"Contactez-nous"},"content":{"rendered":"<div class=\"wp-block-cover alignfull is-light\" style=\"margin-bottom:10rem;min-height:431px;aspect-ratio:unset;\"><span aria-hidden=\"true\" class=\"wp-block-cover__background has-background-dim-100 has-background-dim\" style=\"background-color:#f5f5f5\"><\/span><div class=\"wp-block-cover__inner-container is-layout-constrained wp-block-cover-is-layout-constrained\">\n<div class=\"wp-block-columns is-layout-flex wp-container-core-columns-is-layout-a4e2535c wp-block-columns-is-layout-flex\" style=\"margin-top:var(--wp--preset--spacing--60);margin-bottom:var(--wp--preset--spacing--60);padding-top:0;padding-right:0;padding-bottom:0;padding-left:0\">\n<div class=\"wp-block-column ct_help_left is-layout-flow wp-block-column-is-layout-flow\" style=\"padding-top:0px;padding-right:40px;padding-bottom:0px\">\n<h1 class=\"wp-block-heading has-ast-global-color-2-color has-text-color\" style=\"font-size:35px\">Contactez-nous<\/h1>\n\n\n\n<p style=\"margin-bottom:var(--wp--preset--spacing--50);line-height:2\">Nous nous engageons \u00e0 fournir le meilleur service possible \u00e0 nos apprenants. Si vous avez des questions ou des pr\u00e9occupations concernant notre programme, n'h\u00e9sitez pas \u00e0 nous contacter. Nous sommes l\u00e0 pour vous aider et vous soutenir, et nous attendons avec impatience de vous entendre.<\/p>\n\n\n\n<section id=\"block-17\" class=\"widget widget_block\"><span class=\"ct_contact_line\" style=\"padding-right: 5px;\"><img loading=\"lazy\" decoding=\"async\" class=\"alignnone wp-image-4699 lazy loaded\" src=\"\/wp-content\/uploads\/2022\/09\/phone-1.png\" data-src=\"\/wp-content\/uploads\/2022\/09\/phone-1.png\" alt=\"\" width=\"20\" height=\"20\" data-was-processed=\"true\"> 1-647-846-5929 <\/span><span class=\"ct_contact_line\" style=\"display: block;\"> <img loading=\"lazy\" decoding=\"async\" class=\"alignnone wp-image-5220 lazy loaded\" src=\"\/wp-content\/uploads\/2022\/09\/email.png\" data-src=\"\/wp-content\/uploads\/2022\/09\/email.png\" alt=\"\" width=\"20\" height=\"20\" data-was-processed=\"true\"> support@citizentest.ca<\/span><\/section>\n<\/div>\n\n\n\n<div class=\"wp-block-column margin-top_-40 ct_gap_0 is-layout-flow wp-block-column-is-layout-flow\" style=\"padding-bottom:var(--wp--preset--spacing--50)\"><p>[ID wpforms = &quot;19350&quot;]<\/p>\n\n\n\n<br>\n<\/div>\n<\/div>\n<\/div><\/div>","protected":false},"excerpt":{"rendered":"","protected":false},"author":1,"featured_media":0,"parent":0,"menu_order":0,"comment_status":"closed","ping_status":"closed","template":"","meta":{"site-sidebar-layout":"default","site-content-layout":"","ast-site-content-layout":"normal-width-container","site-content-style":"unboxed","site-sidebar-style":"default","ast-global-header-display":"","ast-banner-title-visibility":"","ast-main-header-display":"","ast-hfb-above-header-display":"","ast-hfb-below-header-display":"","ast-hfb-mobile-header-display":"","site-post-title":"disabled","ast-breadcrumbs-content":"","ast-featured-img":"","footer-sml-layout":"","theme-transparent-header-meta":"","adv-header-id-meta":"","stick-header-meta":"","header-above-stick-meta":"","header-main-stick-meta":"","header-below-stick-meta":"","astra-migrate-meta-layouts":"set","ast-page-background-enabled":"default","ast-page-background-meta":{"desktop":{"background-color":"","background-image":"","background-repeat":"repeat","background-position":"center center","background-size":"auto","background-attachment":"scroll","background-type":"","background-media":"","overlay-type":"","overlay-color":"","overlay-gradient":""},"tablet":{"background-color":"","background-image":"","background-repeat":"repeat","background-position":"center center","background-size":"auto","background-attachment":"scroll","background-type":"","background-media":"","overlay-type":"","overlay-color":"","overlay-gradient":""},"mobile":{"background-color":"","background-image":"","background-repeat":"repeat","background-position":"center center","background-size":"auto","background-attachment":"scroll","background-type":"","background-media":"","overlay-type":"","overlay-color":"","overlay-gradient":""}},"ast-content-background-meta":{"desktop":{"background-color":"var(--ast-global-color-5)","background-image":"","background-repeat":"repeat","background-position":"center center","background-size":"auto","background-attachment":"scroll","background-type":"","background-media":"","overlay-type":"","overlay-color":"","overlay-gradient":""},"tablet":{"background-color":"var(--ast-global-color-5)","background-image":"","background-repeat":"repeat","background-position":"center center","background-size":"auto","background-attachment":"scroll","background-type":"","background-media":"","overlay-type":"","overlay-color":"","overlay-gradient":""},"mobile":{"background-color":"var(--ast-global-color-5)","background-image":"","background-repeat":"repeat","background-position":"center center","background-size":"auto","background-attachment":"scroll","background-type":"","background-media":"","overlay-type":"","overlay-color":"","overlay-gradient":""}},"footnotes":""},"categories":[65],"class_list":["post-45103","page","type-page","status-publish","hentry","category-main-page"],"_links":{"self":[{"href":"https:\/\/www.citizentest.ca\/fr\/wp-json\/wp\/v2\/pages\/45103","targetHints":{"allow":["GET"]}}],"collection":[{"href":"https:\/\/www.citizentest.ca\/fr\/wp-json\/wp\/v2\/pages"}],"about":[{"href":"https:\/\/www.citizentest.ca\/fr\/wp-json\/wp\/v2\/types\/page"}],"author":[{"embeddable":true,"href":"https:\/\/www.citizentest.ca\/fr\/wp-json\/wp\/v2\/users\/1"}],"replies":[{"embeddable":true,"href":"https:\/\/www.citizentest.ca\/fr\/wp-json\/wp\/v2\/comments?post=45103"}],"version-history":[{"count":0,"href":"https:\/\/www.citizentest.ca\/fr\/wp-json\/wp\/v2\/pages\/45103\/revisions"}],"wp:attachment":[{"href":"https:\/\/www.citizentest.ca\/fr\/wp-json\/wp\/v2\/media?parent=45103"}],"wp:term":[{"taxonomy":"category","embeddable":true,"href":"https:\/\/www.citizentest.ca\/fr\/wp-json\/wp\/v2\/categories?post=45103"}],"curies":[{"name":"wp","href":"https:\/\/api.w.org\/{rel}","templated":true}]}}